{"id":14,"date":"2017-01-01T18:21:21","date_gmt":"2017-01-01T18:21:21","guid":{"rendered":"http:\/\/regenherz.de\/?page_id=14"},"modified":"2017-01-01T18:21:21","modified_gmt":"2017-01-01T18:21:21","slug":"veroeffentlichungen","status":"publish","type":"page","link":"http:\/\/regenherz.de\/?page_id=14","title":{"rendered":"Ver\u00f6ffentlichungen"},"content":{"rendered":"<p>Lyrik:<\/p>\n<ul>\n<li>&#8222;La Zampona&#8220; und &#8222;La Quena&#8220; in: &#8222;Hexenspr\u00fcche &amp; Lebtagstr\u00e4ume &#8211; Gedichte von 23 Autoren&#8220;, Verlag Trib\u00fcne Berlin 1983<\/li>\n<li>&#8222;Die Br\u00fccke&#8220; in: Jokers Gedichtedatenbank (www.jokers.de\/gratis-gedichte)<\/li>\n<li>&#8222;freiheit&#8220;, &#8222;Gewalt&#8220; und &#8222;juni&#8220; in: www.literaturkneipe.com<\/li>\n<li>&#8222;Albtraum 1&#8220;, &#8222;Albtraum 2&#8220;, &#8222;Bitte&#8220;, &#8222;Die Br\u00fccke&#8220;, &#8222;Br\u00fccke bei Nacht&#8220; und &#8222;Steineichen&#8220; in: www.storyline-net.de<\/li>\n<li>Herausgeberin des gemeinsamen Lyrikbandes &#8222;Tief innen tanzen sie&#8220; von Anneliese &amp; Adriana Wipperling, Ramona Scheerer, Walter Kiesenhofer, BoD 2007.<\/li>\n<\/ul>\n<p>&nbsp;<\/p>\n<p>Prosa:<\/p>\n<ul>\n<li>\u201eHilfe, meine Tochter hat ein Alien geheiratet&#8220; in: www.literaturkneipe.com<\/li>\n<li>\u201eAm Rande des Abgrunds&#8220;, \u201eHilfe, meine Tochter hat ein Alien geheiratet&#8220; und \u201eDie Parias aus der karminroten Stadt&#8220; in: www.storyline-net.de<\/li>\n<li>\u201eDer Gedankendieb&#8220; in Phantastisch! Heft 2\/2007, Verlag Achim Havemann, ISSN 1616-8437.<\/li>\n<\/ul>\n","protected":false},"excerpt":{"rendered":"<p>Lyrik: &#8222;La Zampona&#8220; und &#8222;La Quena&#8220; in: &#8222;Hexenspr\u00fcche &amp; Lebtagstr\u00e4ume &#8211; Gedichte von 23 Autoren&#8220;, Verlag Trib\u00fcne Berlin 1983 &#8222;Die Br\u00fccke&#8220; in: Jokers Gedichtedatenbank (www.jokers.de\/gratis-gedichte) &#8222;freiheit&#8220;, &#8222;Gewalt&#8220; und &#8222;juni&#8220; in: www.literaturkneipe.com &#8222;Albtraum 1&#8220;, &#8222;Albtraum 2&#8220;, &#8222;Bitte&#8220;, &#8222;Die Br\u00fccke&#8220;, &#8222;Br\u00fccke bei Nacht&#8220; und &#8222;Steineichen&#8220; in: www.storyline-net.de Herausgeberin des gemeinsamen Lyrikbandes &#8222;Tief innen tanzen sie&#8220; von Anneliese <a class=\"read-more\" href=\"http:\/\/regenherz.de\/?page_id=14\">Weiterlesen<\/a><\/p>\n","protected":false},"author":1,"featured_media":0,"parent":0,"menu_order":0,"comment_status":"closed","ping_status":"closed","template":"","meta":[],"_links":{"self":[{"href":"http:\/\/regenherz.de\/index.php?rest_route=\/wp\/v2\/pages\/14"}],"collection":[{"href":"http:\/\/regenherz.de\/index.php?rest_route=\/wp\/v2\/pages"}],"about":[{"href":"http:\/\/regenherz.de\/index.php?rest_route=\/wp\/v2\/types\/page"}],"author":[{"embeddable":true,"href":"http:\/\/regenherz.de\/index.php?rest_route=\/wp\/v2\/users\/1"}],"replies":[{"embeddable":true,"href":"http:\/\/regenherz.de\/index.php?rest_route=%2Fwp%2Fv2%2Fcomments&post=14"}],"version-history":[{"count":1,"href":"http:\/\/regenherz.de\/index.php?rest_route=\/wp\/v2\/pages\/14\/revisions"}],"predecessor-version":[{"id":15,"href":"http:\/\/regenherz.de\/index.php?rest_route=\/wp\/v2\/pages\/14\/revisions\/15"}],"wp:attachment":[{"href":"http:\/\/regenherz.de\/index.php?rest_route=%2Fwp%2Fv2%2Fmedia&parent=14"}],"curies":[{"name":"wp","href":"https:\/\/api.w.org\/{rel}","templated":true}]}}