{"id":33,"date":"2017-01-01T20:51:31","date_gmt":"2017-01-01T20:51:31","guid":{"rendered":"http:\/\/regenherz.de\/?page_id=33"},"modified":"2017-01-01T21:20:41","modified_gmt":"2017-01-01T21:20:41","slug":"ueber-mich","status":"publish","type":"page","link":"http:\/\/regenherz.de\/?page_id=33","title":{"rendered":"\u00dcber mich"},"content":{"rendered":"<p><img decoding=\"async\" loading=\"lazy\" class=\"alignleft wp-image-39 size-medium\" src=\"http:\/\/regenherz.de\/wp-content\/uploads\/2017\/01\/14925224_1848929505321284_153845251824017575_n-300x284.jpg\" width=\"300\" height=\"284\" srcset=\"http:\/\/regenherz.de\/wp-content\/uploads\/2017\/01\/14925224_1848929505321284_153845251824017575_n-300x284.jpg 300w, http:\/\/regenherz.de\/wp-content\/uploads\/2017\/01\/14925224_1848929505321284_153845251824017575_n-768x726.jpg 768w, http:\/\/regenherz.de\/wp-content\/uploads\/2017\/01\/14925224_1848929505321284_153845251824017575_n.jpg 960w\" sizes=\"(max-width: 300px) 100vw, 300px\" \/>Was gibt es Wichtiges \u00fcber mich zu erz\u00e4hlen? Dass ich Jahrgang 1947 bin, Chemikerin, Brandenburgerin? Dass ich 32 Jahre bei der Bahn gearbeitet habe? Dass ich jahrelang in der DDR-Volkskunstbewegung aktiv war? Dass ich meine Tochter Adriana allein erzogen habe?<\/p>\n<p>Ja, all das hat mich gepr\u00e4gt, aber ich mag es nicht werten.<br \/>\nJetzt bin ich\u00a0Rentnerin und habe endlich Zeit zum Schreiben. Ich sitze oft stundenlang vor meinem geliebten Compi, der mir beim Geschichtenerz\u00e4hlen hilft und mich durch virtuelle R\u00e4ume wandern l\u00e4sst.<br \/>\nBis zum Jahr 1989 verlief mein Leben geradlinig und ereignisarm. Dann zerbrach meine Welt und ich musste nach neuen Wegen suchen. Das war schwer &#8230; aber es er\u00f6ffneten sich auch faszinierende Chancen.<br \/>\nZu DDR-Zeiten gab es f\u00fcr den Normalb\u00fcrger keine Computer, keine Videorekorder, kein Internet. Schon die Vorstellung, Geschichten und Gedichte unzensiert ins Web zu stellen, w\u00e4re uns v\u00f6llig absurd vorgekommen.<br \/>\nAuch wenn mir nicht alles in dieser Gesellschaft gef\u00e4llt, genie\u00dfe ich meine grenzenlosen Traumpfade sehr &#8230; und die Freiheit, andere mitnehmen zu k\u00f6nnen.<\/p>\n<hr \/>\n<p>&nbsp;<\/p>\n<h2>&#8222;Ich war am liebsten H\u00e4uptling&#8220;<\/h2>\n<p><strong>von Bernd K\u00f6llinger<\/strong><\/p>\n<p>&#8222;Was passiert, wenn man einer neunj\u00e4hrigen Vulkanierin einen Gedichtband von Garcia Lorca schenkt?&#8220;<br \/>\nDieser Satz, mit dem Anneliese Wipperling im Internet auf ihren Roman &#8222;Der weite Weg zur Erde&#8220; aufmerksam macht, ist verr\u00e4terisch, enth\u00e4lt er doch gleich zwei wichtige Informationen \u00fcber die Autorin selbst: erstens, dass sie eine gl\u00fchende Anh\u00e4ngerin der Star-Trek-Serien ist und als solche Geschichten schreibt, die in einem phantastischen Universum spielen; und zweitens, dass sie seit vielen Jahren der Lyrik verfallen ist, insonderheit jener Pablo Nerudas, Garcia Lorcas und der Surrealisten. Die neunj\u00e4hrige Vulkanierin ist auch eine Projektion ihrer selbst.<br \/>\nDie Brandenburgerin, die am 31. Dezember 2003 in den Vorruhestand geschickt wurde, nachdem sie zuvor f\u00fcr das Bahnumweltzentrum Kirchm\u00f6ser die Datenbanken \u00fcber Abwasserkan\u00e4le betreut und ausgewertet hatte, gesteht unumwunden, dass sie &#8222;nur zu einem Viertel aus der Gegend&#8220; stamme. Eben jenes Viertel aber hatte einst eine Familientrag\u00f6die ausgel\u00f6st. Fritz Wipperling, der Gro\u00c3\u0178vater aus dem Harz, hatte sich in ein M\u00e4dchen aus Milow verliebt. Nach Meinung der Familie jedoch war das f\u00fcr ihn die falsche Frau, denn sie brachte in die Ehe kein Geld. Da er nicht von ihr ablassen wollte, wurde er kurzerhand enterbt. So l\u00f6ste man damals Familienkonflikte. Gro\u00c3\u0178vater Fritz war ein unternehmender, flei\u00c3\u0178iger Mann. Er gr\u00fcndete eine Handschuhfabrik, die durchaus florierte und die Familie ern\u00e4hrte, bis er sie in der Weltwirtschaftskrise Ende der zwanziger Jahre wieder verlor. Ein Brandenburger Schicksal, das weder alt noch neu ist. Manch hoffnungsvoller Jungunternehmer der Gegenwart wird sich mit seinem Schicksal identifizieren k\u00f6nnen.<br \/>\nAuch Anneliese Wipperling w\u00e4re lieber Germanistin geworden, doch nur ein Lehrerstudium h\u00e4tte sie wenigstens in die N\u00e4he eines solchen Berufswunsches bringen k\u00f6nnen. Sie aber hatte keine Ambitionen auf den Lehrerberuf. Da sie in ihrem Abiturzeugnis in allen F\u00e4chern eine Eins aufweisen konnte, au\u00c3\u0178er im Sport, entschloss sie sich, Chemikerin zu werden. Ein Studium in Leipzig verhalf ihr zu dem einschl\u00e4gigen Diplom. Doch da hatte sie schon der Virus erfasst, der sie Gedichte schreiben lie\u00c3\u0178.<br \/>\nChemie und Lyrik &#8211; wie geht das zusammen? &#8222;In den Naturwissenschaften wie in einem Gedicht ist es verp\u00f6nt, viele oder gar \u00fcberfl\u00fcssige Worte zu machen. Au\u00c3\u0178erdem liebe ich straff und spannend Geschriebenes.&#8220; Schon in der Grundschule reimte sie sich einiges zusammen. Sp\u00e4ter war ihr Vorbild der sprachgewaltige Majakowski. &#8222;Dessen Stil hat mir gefallen.&#8220; 1969 entstand das aus ihrer Sicht &#8222;erste brauchbare Gedicht&#8220;.<br \/>\nAuch ihre Begeisterung f\u00fcr Phantastisches und Utopisches geht auf die Schulzeit zur\u00fcck. &#8222;Das waren zwei d\u00fcnne blaue Hefte. Doch ich habe sie in die Ecke geworfen. Mir war klar: Prosa kannst du nicht.&#8220;<br \/>\nNach dem Studium kehrte sie zur Mutter nach Brandenburg zur\u00fcck und nahm ihre Arbeit bei der Deutschen Reichsbahn auf, in der Zentralen Pr\u00fcf- und Entwicklungsstelle des Verkehrswesens, wo sie im Lauf der Jahre allerlei Felder zu beackern hatte &#8211; von der Schmierungstechnik \u00fcber die Standardisierung bis zur Literatursammlung zum Verh\u00e4ltnis von Umwelt und Energie.<br \/>\nNebenbei, aber mit gro\u00c3\u0178er Hingabe, schrieb und dichtete sie, zuerst im Zirkel schreibender Arbeiter des Stahl- und Walzwerks, sp\u00e4ter dem des Getriebewerks (aus dem nach der Wende die Havell\u00e4ndische Autorengruppe hervorgegangen ist).<br \/>\n&#8222;Bei allen Vorteilen und auch der F\u00f6rderung, die den dichtenden Laien zuteil wurde, hatte ich immer das Gef\u00fchl, als st\u00fcnden hinter jedem schreibenden Arbeiter gleich zehn Funktion\u00e4re, die mit seinem Tun ihr Geld verdienen und sich wichtig machen.&#8220;<br \/>\nZwar sagt sie \u00fcber sich, sie setze &#8222;im Alltag und bei wichtigen Entscheidungen ganz vulkanisch den Verstand ein&#8220;. Doch zugleich wei\u00c3\u0178 sie, &#8222;dass in der Kunst oft jene Seiten der Pers\u00f6nlichkeit zum Vorschein kommen, die sonst eher unterrepr\u00e4sentiert sind&#8220;. Und sie r\u00e4umt auch ein, oft genug anzufangen, &#8222;ohne zu wissen, wo es aufh\u00f6rt.&#8220; Dann sind die Gef\u00fchle an der Macht. Bald schon kam zum Umgang mit Gedichten und dem Faible f\u00fcrs Phantastische eine dritte Leidenschaft hinzu &#8211; jene f\u00fcr die Lebensweise und Geisteswelt der nordamerikanischen Indianer. &#8222;Nat\u00fcrlich haben wir schon als Kinder Indianer gespielt. Da war ich niemals eine Squaw, sondern immer der H\u00e4uptling, denn als Kind w\u00e4re ich viel lieber ein Junge gewesen. Noch heute kann ich mit so genannten Frauengespr\u00e4chen nichts anfangen. Durch B\u00fccher bin ich dann immer weiter in ihre Lebensweise hineingezogen worden. Ich geh\u00f6re aber nicht zu denen, die im Sommer wochenlang auf einer Wiese so tun, als geh\u00f6rten sie zu den Dakota oder Cheyenne. Das einzige, was ich einmal selbst angefertigt habe, ist ein Stirnband. Wenn ich in irgendeinen Stamm aufgenommen w\u00fcrde, dann w\u00e4re das etwas anderes und eine gro\u00c3\u0178e Ehre. Aber so?&#8220; Und dann erz\u00e4hlt sie eine Anekdote, die nicht nur ein Schmunzeln hervorruft, sondern auch nachdenklich macht. Sie endet mit der Frage eines nordamerikanischen Ureinwohners an einen Deutschen: &#8222;Warum stehlt ihr uns sogar noch unsere Ahnen? Warum spielt ihr nicht die alten Germanen?&#8220;<br \/>\nAm Mittwoch, dem 25. April, 19.00 Uhr liest sie &#8222;mit unserer kleinen Truppe&#8220; in der Bibliothek der Asklepios Fachklinik aus dem j\u00fcngst erschienen Gemeinschaftsband &#8222;Tief im Inneren tanzen sie&#8220; und anderen Werken.<\/p>\n<p><b>Brandenburger Wochenblatt, 01.04.2007<\/b><\/p>\n","protected":false},"excerpt":{"rendered":"<p>Was gibt es Wichtiges \u00fcber mich zu erz\u00e4hlen? Dass ich Jahrgang 1947 bin, Chemikerin, Brandenburgerin? Dass ich 32 Jahre bei der Bahn gearbeitet habe? Dass ich jahrelang in der DDR-Volkskunstbewegung aktiv war? Dass ich meine Tochter Adriana allein erzogen habe? Ja, all das hat mich gepr\u00e4gt, aber ich mag es nicht werten. Jetzt bin ich\u00a0Rentnerin <a class=\"read-more\" href=\"http:\/\/regenherz.de\/?page_id=33\">Weiterlesen<\/a><\/p>\n","protected":false},"author":1,"featured_media":0,"parent":0,"menu_order":0,"comment_status":"closed","ping_status":"closed","template":"","meta":[],"_links":{"self":[{"href":"http:\/\/regenherz.de\/index.php?rest_route=\/wp\/v2\/pages\/33"}],"collection":[{"href":"http:\/\/regenherz.de\/index.php?rest_route=\/wp\/v2\/pages"}],"about":[{"href":"http:\/\/regenherz.de\/index.php?rest_route=\/wp\/v2\/types\/page"}],"author":[{"embeddable":true,"href":"http:\/\/regenherz.de\/index.php?rest_route=\/wp\/v2\/users\/1"}],"replies":[{"embeddable":true,"href":"http:\/\/regenherz.de\/index.php?rest_route=%2Fwp%2Fv2%2Fcomments&post=33"}],"version-history":[{"count":4,"href":"http:\/\/regenherz.de\/index.php?rest_route=\/wp\/v2\/pages\/33\/revisions"}],"predecessor-version":[{"id":42,"href":"http:\/\/regenherz.de\/index.php?rest_route=\/wp\/v2\/pages\/33\/revisions\/42"}],"wp:attachment":[{"href":"http:\/\/regenherz.de\/index.php?rest_route=%2Fwp%2Fv2%2Fmedia&parent=33"}],"curies":[{"name":"wp","href":"https:\/\/api.w.org\/{rel}","templated":true}]}}