{"id":379,"date":"2018-05-25T12:37:20","date_gmt":"2018-05-25T12:37:20","guid":{"rendered":"http:\/\/regenherz.de\/?page_id=379"},"modified":"2018-05-25T12:37:20","modified_gmt":"2018-05-25T12:37:20","slug":"disclaimer","status":"publish","type":"page","link":"http:\/\/regenherz.de\/?page_id=379","title":{"rendered":"Disclaimer"},"content":{"rendered":"<p><strong>Haftungsausschluss<\/strong><\/p>\n<p>F\u00fcr die Richtigkeit und Aktualit\u00e4t des Angebotes dieser Website kann keine Haftung \u00fcbernommen werden. Die Redaktion haftet nicht f\u00fcr Sch\u00e4den, welche durch die Nutzung fehlerhafter oder unvollst\u00e4ndiger Informationen verursacht wurden &#8211; sofern seitens der Webseitenbetreiber kein nachweislich vors\u00e4tzliches oder grob fahrl\u00e4ssiges Verschulden vorliegt.<\/p>\n<p>Alle Angebote sind freibleibend und unverbindlich. Die Redaktion beh\u00e4lt es sich ausdr\u00fccklich vor, Teile der Seite oder den gesamten Inhalt ohne gesonderte Ank\u00fcndigung zu ver\u00e4ndern, zu erg\u00e4nzen, zu l\u00f6schen oder die Ver\u00f6ffentlichung zeitweise oder endg\u00fcltig einzustellen.<\/p>\n<p>Kommentare spiegeln ausschlie\u00dflich die Meinung der Verfasserin\/des Verfassers wieder.<\/p>\n<p>Trotz sorgf\u00e4ltiger inhaltlicher Kontrolle \u00fcbernehmen wir keine Haftung f\u00fcr die Inhalte externer Links. F\u00fcr den Inhalt der verlinkten Seiten sind ausschlie\u00dflich deren Betreiber verantwortlich.<\/p>\n<p>&nbsp;<\/p>\n<p><strong>Urheberrecht<\/strong><\/p>\n<p>Die Rechte aller bei &#8222;regenherz.de&#8220; eingestellten Texte, der Sounds und des Bildmaterials liegen bei den jeweiligen Autoren und K\u00fcnstlern bzw. den Eigent\u00fcmern, Herstellern und Lizenzinhabern. Eine Vervielf\u00e4ltigung oder Ver\u00f6ffentlichung dieses Materials ist ohne ausdr\u00fcckliche Zustimmung des Autors bzw. Lizenzinhabers nicht gestattet!<\/p>\n<p>Eventuelle Copyright-Verletzungen seitens der Redaktion dieser Webseite sind nicht beabsichtigt. Die Webseitenbetreiberin ist bestrebt, in allen Publikationen die Urheberrechte der verwendeten Grafiken, Sounds und Texte zu beachten, selbst erstellte Grafiken, Sounds und Texte zu nutzen oder auf lizenzfreie Grafiken, Sounds und Texte zur\u00fcck zu greifen.<\/p>\n<p>Sollte sich bei &#8222;regenherz.de&#8220; dennoch eine ungekennzeichnete, aber durch fremdes Copyright gesch\u00fctzte Grafik, ein Sound oder Text befinden, so wird die Webseitenbetreiberin das entsprechende Objekt entfernen oder mit dem korrekten Copyright kennzeichnen.<\/p>\n<p>&nbsp;<\/p>\n","protected":false},"excerpt":{"rendered":"<p>Haftungsausschluss F\u00fcr die Richtigkeit und Aktualit\u00e4t des Angebotes dieser Website kann keine Haftung \u00fcbernommen werden. Die Redaktion haftet nicht f\u00fcr Sch\u00e4den, welche durch die Nutzung fehlerhafter oder unvollst\u00e4ndiger Informationen verursacht wurden &#8211; sofern seitens der Webseitenbetreiber kein nachweislich vors\u00e4tzliches oder grob fahrl\u00e4ssiges Verschulden vorliegt. Alle Angebote sind freibleibend und unverbindlich. Die Redaktion beh\u00e4lt es sich <a class=\"read-more\" href=\"http:\/\/regenherz.de\/?page_id=379\">Weiterlesen<\/a><\/p>\n","protected":false},"author":1,"featured_media":0,"parent":0,"menu_order":0,"comment_status":"closed","ping_status":"closed","template":"","meta":[],"_links":{"self":[{"href":"http:\/\/regenherz.de\/index.php?rest_route=\/wp\/v2\/pages\/379"}],"collection":[{"href":"http:\/\/regenherz.de\/index.php?rest_route=\/wp\/v2\/pages"}],"about":[{"href":"http:\/\/regenherz.de\/index.php?rest_route=\/wp\/v2\/types\/page"}],"author":[{"embeddable":true,"href":"http:\/\/regenherz.de\/index.php?rest_route=\/wp\/v2\/users\/1"}],"replies":[{"embeddable":true,"href":"http:\/\/regenherz.de\/index.php?rest_route=%2Fwp%2Fv2%2Fcomments&post=379"}],"version-history":[{"count":1,"href":"http:\/\/regenherz.de\/index.php?rest_route=\/wp\/v2\/pages\/379\/revisions"}],"predecessor-version":[{"id":380,"href":"http:\/\/regenherz.de\/index.php?rest_route=\/wp\/v2\/pages\/379\/revisions\/380"}],"wp:attachment":[{"href":"http:\/\/regenherz.de\/index.php?rest_route=%2Fwp%2Fv2%2Fmedia&parent=379"}],"curies":[{"name":"wp","href":"https:\/\/api.w.org\/{rel}","templated":true}]}}