{"id":52,"date":"2017-01-01T22:59:48","date_gmt":"2017-01-01T22:59:48","guid":{"rendered":"http:\/\/regenherz.de\/?page_id=52"},"modified":"2017-01-19T12:53:02","modified_gmt":"2017-01-19T12:53:02","slug":"prosa","status":"publish","type":"page","link":"http:\/\/regenherz.de\/?page_id=52","title":{"rendered":"Geschichten"},"content":{"rendered":"<h4>Ausgew\u00e4hlte Kurzgeschichten:<\/h4>\n<hr \/>\n<h3><a href=\"http:\/\/regenherz.de\/?page_id=68\">Der Gedankendieb<\/a><\/h3>\n<p>Carlos Mansilla ist der ber\u00fchmteste Dichter der Planetaren Liga. Was niemand wei\u00df: Durch die telepathische Verbindung mit seiner Heylanischen Ehefrau gelingt es ihm, ihre Gedichte zu klauen und als seine eigenen auszugeben. Lange ahnt er nicht, wie furchtbar die Rache eines Heylaners sein kann\u00a0 \u2026<\/p>\n<p>(ver\u00f6ffentlicht in in Phantastisch! Heft 2\/2007, Verlag Achim Havemann, ISSN 1616-8437)<\/p>\n<hr \/>\n<h3><a href=\"http:\/\/regenherz.de\/?page_id=74\">Hilfe, meine Tochter hat ein Alien geheiratet!<\/a><\/h3>\n<p>Christine Maras ist v\u00f6llig baff: Ihre Tochter Michelle war lediglich zu einer kurzen Studienreise nach Heyla aufgebrochen \u2013 und kommt mit einem heylanischen Ehemann zur\u00fcck \u2026<\/p>\n<hr \/>\n<h3><a href=\"http:\/\/regenherz.de\/?page_id=71\">Welt ohne Nacht<\/a><\/h3>\n<p>Legende aus einer Zeit vor unserem Universum: Der Kosmos st\u00fcrzt in sich zusammen, f\u00fcr die letzten \u00dcberlebenden gibt es keinen Ausweg \u2026 oder doch?<br \/>\n(Diese Geschichte schaffte es in die Top 10 des Storywettbewerbs \u201cNeues aus anderen Welten\u201d)<\/p>\n","protected":false},"excerpt":{"rendered":"<p>Ausgew\u00e4hlte Kurzgeschichten: Der Gedankendieb Carlos Mansilla ist der ber\u00fchmteste Dichter der Planetaren Liga. Was niemand wei\u00df: Durch die telepathische Verbindung mit seiner Heylanischen Ehefrau gelingt es ihm, ihre Gedichte zu klauen und als seine eigenen auszugeben. Lange ahnt er nicht, wie furchtbar die Rache eines Heylaners sein kann\u00a0 \u2026 (ver\u00f6ffentlicht in in Phantastisch! Heft 2\/2007, <a class=\"read-more\" href=\"http:\/\/regenherz.de\/?page_id=52\">Weiterlesen<\/a><\/p>\n","protected":false},"author":1,"featured_media":0,"parent":0,"menu_order":0,"comment_status":"closed","ping_status":"closed","template":"","meta":[],"_links":{"self":[{"href":"http:\/\/regenherz.de\/index.php?rest_route=\/wp\/v2\/pages\/52"}],"collection":[{"href":"http:\/\/regenherz.de\/index.php?rest_route=\/wp\/v2\/pages"}],"about":[{"href":"http:\/\/regenherz.de\/index.php?rest_route=\/wp\/v2\/types\/page"}],"author":[{"embeddable":true,"href":"http:\/\/regenherz.de\/index.php?rest_route=\/wp\/v2\/users\/1"}],"replies":[{"embeddable":true,"href":"http:\/\/regenherz.de\/index.php?rest_route=%2Fwp%2Fv2%2Fcomments&post=52"}],"version-history":[{"count":8,"href":"http:\/\/regenherz.de\/index.php?rest_route=\/wp\/v2\/pages\/52\/revisions"}],"predecessor-version":[{"id":348,"href":"http:\/\/regenherz.de\/index.php?rest_route=\/wp\/v2\/pages\/52\/revisions\/348"}],"wp:attachment":[{"href":"http:\/\/regenherz.de\/index.php?rest_route=%2Fwp%2Fv2%2Fmedia&parent=52"}],"curies":[{"name":"wp","href":"https:\/\/api.w.org\/{rel}","templated":true}]}}